{"id":82,"date":"2018-04-30T10:59:02","date_gmt":"2018-04-30T08:59:02","guid":{"rendered":"http:\/\/tsv-angelmodde.de\/neu\/?page_id=82"},"modified":"2020-09-07T10:04:39","modified_gmt":"2020-09-07T08:04:39","slug":"kinderschwimmen","status":"publish","type":"page","link":"https:\/\/tsv-angelmodde.de\/neu\/sportarten\/schwimmen\/kinderschwimmen\/","title":{"rendered":"Kinderschwimmen"},"content":{"rendered":"\n<p><strong>Konzept der Kinderschwimmausbildung<\/strong><\/p>\n<p>Das Ziel des TSV Angelmodde in Kooperation mit W+F M\u00fcnster e.V. ist es, den Kindern so einfach aber pr\u00e4zise wie m\u00f6glich das Schwimmen beizubringen. Grundlegend daf\u00fcr ist, dass das Kind keine Angst vor dem neuen Element \u201eWasser\u201c hat und sich unbeschwert und vor allem gerne darin bewegt.<br \/>Aufgrund dessen beginnt jedes Kind mit einem Wassergew\u00f6hnungskurs. Wir haben ein Mindestalter von 5 Jahren daf\u00fcr festgelegt, damit die Kinder gut und sicher im Schwimmbecken stehen k\u00f6nnen.\u00a0 Ziel des Kurses ist, dass die Kinder Vertrauen zu der neuen Umgebung aufbauen und sich angstfrei \u00fcber und unter Wasser bewegen k\u00f6nnen. Dies ist die Grundlage f\u00fcr alle folgenden Kurse. Damit den Kindern nicht kalt wird und die Konzentrationsspanne und Aufnahmef\u00e4higkeit bei Kindern ohnehin geringer ist, wird dieser Kurs 30 Minuten dauern.<br \/>Nach erfolgreichem Abschluss des Kurses k\u00f6nnen die Kinder in den Seepferdchenkurs wechseln. Hier wird der Fokus prim\u00e4r auf Wechselbewegungen liegen. Wechselbewegungen sind Bewegungen, die im Wechsel von rechter und linker K\u00f6rperh\u00e4lfte durchgef\u00fchrt werden;\u00a0 wie auch das Laufen an Land oder in diesem Fall die R\u00fcckenkraul- oder Kraulbewegung im Wasser.\u00a0 Dies sind also die nat\u00fcrlichsten Bewegungen des Menschen und f\u00fcr die Kinder schnell und einfach umsetzbar \u2013 auch im Wasser. Aufgrund dessen erlernen die Kinder als erste Schwimmart das R\u00fcckenkraulen. Dieser Schwimmstil spiegelt, unter Ber\u00fccksichtigung des einfachen Atmens und der Wechselbewegung, eine nat\u00fcrliche Bewegung der Kinder wider und ist somit f\u00fcr die Kinder besser nachvollziehbar als bspw. das Brustschwimmen. Der Kurs wird ebenfalls 30 Minuten dauern und wird mit dem Seepferdchenabzeichen abgeschlossen.<br \/>Danach schwimmen die Kinder im Bronzekurs weiter. Dort werden die im Seepferdchenkurs erlangten F\u00e4higkeiten im R\u00fcckenkraul- und Kraulbereich gefestigt und erweitert und durch Aspekte des Brustschwimmens erg\u00e4nzt. Ab dem Bronzekurs werden die Kurse dann 45 Minuten dauern. Ziel ist es den Kurs mit dem Bronzeabzeichen abzuschlie\u00dfen.<br \/>Im anschlie\u00dfenden Silberkurs liegt der Fokus auf dem Kraul- und Brustschwimmen. Bis hierhin beherrschen die Kinder das R\u00fcckenschwimmen \u00fcber eine l\u00e4ngere Strecke sicher; auch das Vorw\u00e4rtsbewegen in Bauchlage mit Wechselbewegungen stellt die Kinder keine Schwierigkeiten mehr dar. Die Wechselbewegungen haben sich so verfestigt, dass ohne Probleme (Verwirrung des Kindes beim Ausf\u00fchren neuer Bewegungen\/Gleichzug) das Brustschwimmen vollst\u00e4ndig erlernt werden kann. Das Kraulschwimmen in Bauchlage wird ausgebaut. Der Kurs wird mit dem Silberabzeichen abgeschlossen.<br \/>Daraufhin gelangen die Kinder in den Goldkurs. Hier werden alle Schwimmstile insbesondere diejenigen, die im Silberkurs erlernt wurden, perfektioniert. Da die Kinder bereits alle Schwimmstile kennengelernt haben und in diesem Kurs keinen Schwimmstil neu erlernen m\u00fcssen, f\u00e4llt es den Kindern deutlich leichter das Goldabzeichen zu erlangen.<br \/>Nach dem Goldabzeichen werden weitere Schwimm- und Trainingsgruppen f\u00fcr Kinder und Jugendliche angeboten.<\/p>\n<p>Wenn Sie Ihr Kind anmelden wollen, senden Sie uns bitte eine E-mail (<a href=\"mailto:schwimmen@tsv-angelmodde.de\" target=\"_blank\" rel=\"noopener noreferrer\">schwimmen@tsv-angelmodde.de<\/a>) mit dem Namen und dem Geburtsdatum Ihres Kindes sowie einer Telefonnummer, unter der wir Sie erreichen k\u00f6nnen. Bitte bedenken Sie, dass wir aufgrund der hohen Nachfrage nicht immer alle Kinder sofort in die Kurse aufnehmen k\u00f6nnen und wir daher eine Warteliste f\u00fchren, auf die wir Ihr Kind gerne setzen und uns bei Ihnen melden, sobald ein Platz frei wird.<\/p>\n\n\n<p>\u00dcbungszeiten:<\/p>\n<table style=\"background-color: #f5eded;\">\n<tbody>\n<tr>\n<td style=\"background-color: #f5f5f5;\">Wassergew\u00f6hnung<\/td>\n<td style=\"background-color: #f5f5f5;\">Montag<\/td>\n<td style=\"background-color: #f5f5f5;\">16:15 &#8211; 16:45 Uhr<\/td>\n<td style=\"background-color: #f5f5f5;\">Hallenbad Wolbeck<\/td>\n<\/tr>\n<tr>\n<td style=\"background-color: #f5f5f5;\">Seepferdchen<\/td>\n<td style=\"background-color: #f5f5f5;\">Montag<\/td>\n<td style=\"background-color: #f5f5f5;\">17:00 &#8211; 17:45 Uhr<\/td>\n<td style=\"background-color: #f5f5f5;\">Hallenbad Wolbeck<\/td>\n<\/tr>\n<\/tbody>\n<\/table>\n<p>Kontakt:<br>\nSabine Senger-Giese<br>\nE-Mail: <a href=\"mailto:schwimmen@tsv-angelmodde.de\" target=\"_blank\" rel=\"noopener noreferrer\">schwimmen@tsv-angelmodde.de<\/a><\/p>","protected":false},"excerpt":{"rendered":"<p>Konzept der Kinderschwimmausbildung Das Ziel des TSV Angelmodde in Kooperation mit W+F M\u00fcnster e.V. ist es, den Kindern so einfach aber pr\u00e4zise wie m\u00f6glich das Schwimmen beizubringen. Grundlegend daf\u00fcr ist, dass das Kind keine Angst vor dem neuen Element \u201eWasser\u201c hat und sich unbeschwert und vor allem gerne darin bewegt.Aufgrund dessen beginnt jedes Kind mit einem Wassergew\u00f6hnungskurs. Wir haben ein [&#8230;]<\/p>\n","protected":false},"author":3,"featured_media":71,"parent":74,"menu_order":0,"comment_status":"closed","ping_status":"closed","template":"","meta":{"_cbd_carousel_blocks":"[]","footnotes":""},"class_list":["post-82","page","type-page","status-publish","has-post-thumbnail","hentry"],"_links":{"self":[{"href":"https:\/\/tsv-angelmodde.de\/neu\/wp-json\/wp\/v2\/pages\/82","targetHints":{"allow":["GET"]}}],"collection":[{"href":"https:\/\/tsv-angelmodde.de\/neu\/wp-json\/wp\/v2\/pages"}],"about":[{"href":"https:\/\/tsv-angelmodde.de\/neu\/wp-json\/wp\/v2\/types\/page"}],"author":[{"embeddable":true,"href":"https:\/\/tsv-angelmodde.de\/neu\/wp-json\/wp\/v2\/users\/3"}],"replies":[{"embeddable":true,"href":"https:\/\/tsv-angelmodde.de\/neu\/wp-json\/wp\/v2\/comments?post=82"}],"version-history":[{"count":16,"href":"https:\/\/tsv-angelmodde.de\/neu\/wp-json\/wp\/v2\/pages\/82\/revisions"}],"predecessor-version":[{"id":659,"href":"https:\/\/tsv-angelmodde.de\/neu\/wp-json\/wp\/v2\/pages\/82\/revisions\/659"}],"up":[{"embeddable":true,"href":"https:\/\/tsv-angelmodde.de\/neu\/wp-json\/wp\/v2\/pages\/74"}],"wp:featuredmedia":[{"embeddable":true,"href":"https:\/\/tsv-angelmodde.de\/neu\/wp-json\/wp\/v2\/media\/71"}],"wp:attachment":[{"href":"https:\/\/tsv-angelmodde.de\/neu\/wp-json\/wp\/v2\/media?parent=82"}],"curies":[{"name":"wp","href":"https:\/\/api.w.org\/{rel}","templated":true}]}}