{"id":80,"date":"2018-04-30T10:54:59","date_gmt":"2018-04-30T08:54:59","guid":{"rendered":"http:\/\/tsv-angelmodde.de\/neu\/?page_id=80"},"modified":"2018-06-25T08:53:49","modified_gmt":"2018-06-25T06:53:49","slug":"aquarobic","status":"publish","type":"page","link":"https:\/\/tsv-angelmodde.de\/neu\/sportarten\/schwimmen\/aquarobic\/","title":{"rendered":"Aqua Fitness"},"content":{"rendered":"<p>\u00dcbungszeit:<\/p>\n<table>\n<tbody>\n<tr>\n<td style=\"background-color: #f5f5f5;\">Aqua Fitness f\u00fcr Damen<\/td>\n<td style=\"background-color: #f5f5f5;\">Montag<\/td>\n<td style=\"background-color: #f5f5f5;\">20:00 &#8211; 21:00 Uhr<\/td>\n<td style=\"background-color: #f5f5f5;\">Hallenbad Wolbeck<\/td>\n<\/tr>\n<\/tbody>\n<\/table>\n<p><span style=\"text-decoration: underline;\">Kontakt:<\/span><br \/>\nAnke Glanemann<br \/>\nMobil: (0163) 8686445<br \/>\nMail: aquafit4fun[\u00e4t]live.de<\/p>\n<div>Maximale Gruppengr\u00f6\u00dfe 14 Personen. Aktuell voll belegt, keine Anmeldung m\u00f6glich.<br \/>\nAqua Fitness ist ein intensives Training aller Muskelgruppen, ein Ganzk\u00f6rpertraining mit Hilfe des hydrostatischen Drucks des Wassers.<\/div>\n<div>Es werden viele verschiedene Trainingsvarianten mit Einsatz von Widerstandsger\u00e4ten und \/ oder Auftriebsmitteln eingesetzt, um Kraft, Ausdauer und Beweglichkeit intensiv im Wasser zu trainieren&#8230;.<\/div>\n","protected":false},"excerpt":{"rendered":"<p>\u00dcbungszeit: Aqua Fitness f\u00fcr Damen Montag 20:00 &#8211; 21:00 Uhr Hallenbad Wolbeck Kontakt: Anke Glanemann Mobil: (0163) 8686445 Mail: aquafit4fun[\u00e4t]live.de Maximale Gruppengr\u00f6\u00dfe 14 Personen. Aktuell voll belegt, keine Anmeldung m\u00f6glich. Aqua Fitness ist ein intensives Training aller Muskelgruppen, ein Ganzk\u00f6rpertraining mit Hilfe des hydrostatischen Drucks des Wassers. Es werden viele verschiedene Trainingsvarianten mit Einsatz von Widerstandsger\u00e4ten und \/ oder Auftriebsmitteln [&#8230;]<\/p>\n","protected":false},"author":3,"featured_media":71,"parent":74,"menu_order":0,"comment_status":"closed","ping_status":"closed","template":"","meta":{"_cbd_carousel_blocks":"[]","footnotes":""},"class_list":["post-80","page","type-page","status-publish","has-post-thumbnail","hentry"],"_links":{"self":[{"href":"https:\/\/tsv-angelmodde.de\/neu\/wp-json\/wp\/v2\/pages\/80","targetHints":{"allow":["GET"]}}],"collection":[{"href":"https:\/\/tsv-angelmodde.de\/neu\/wp-json\/wp\/v2\/pages"}],"about":[{"href":"https:\/\/tsv-angelmodde.de\/neu\/wp-json\/wp\/v2\/types\/page"}],"author":[{"embeddable":true,"href":"https:\/\/tsv-angelmodde.de\/neu\/wp-json\/wp\/v2\/users\/3"}],"replies":[{"embeddable":true,"href":"https:\/\/tsv-angelmodde.de\/neu\/wp-json\/wp\/v2\/comments?post=80"}],"version-history":[{"count":9,"href":"https:\/\/tsv-angelmodde.de\/neu\/wp-json\/wp\/v2\/pages\/80\/revisions"}],"predecessor-version":[{"id":399,"href":"https:\/\/tsv-angelmodde.de\/neu\/wp-json\/wp\/v2\/pages\/80\/revisions\/399"}],"up":[{"embeddable":true,"href":"https:\/\/tsv-angelmodde.de\/neu\/wp-json\/wp\/v2\/pages\/74"}],"wp:featuredmedia":[{"embeddable":true,"href":"https:\/\/tsv-angelmodde.de\/neu\/wp-json\/wp\/v2\/media\/71"}],"wp:attachment":[{"href":"https:\/\/tsv-angelmodde.de\/neu\/wp-json\/wp\/v2\/media?parent=80"}],"curies":[{"name":"wp","href":"https:\/\/api.w.org\/{rel}","templated":true}]}}