{"id":72,"date":"2018-04-30T10:52:48","date_gmt":"2018-04-30T08:52:48","guid":{"rendered":"http:\/\/tsv-angelmodde.de\/neu\/?page_id=72"},"modified":"2025-04-25T12:10:50","modified_gmt":"2025-04-25T10:10:50","slug":"tennis","status":"publish","type":"page","link":"https:\/\/tsv-angelmodde.de\/neu\/sportarten\/tennis\/","title":{"rendered":"Tennis"},"content":{"rendered":"\n<p>Das neue Westfalen Tennis gibt es jetzt als <a href=\"https:\/\/www.flipsnack.com\/FFE7685569B\/westfalentennis-02-2023.html\" target=\"_blank\" rel=\"noopener\">E-Magazin<\/a><\/p>\n\n\n\n<figure class=\"wp-block-image size-full\"><img loading=\"lazy\" decoding=\"async\" width=\"640\" height=\"359\" src=\"https:\/\/tsv-angelmodde.de\/neu\/wp-content\/uploads\/2023\/06\/Tennis_EMagazin.png\" alt=\"\" class=\"wp-image-864\" srcset=\"https:\/\/tsv-angelmodde.de\/neu\/wp-content\/uploads\/2023\/06\/Tennis_EMagazin.png 640w, https:\/\/tsv-angelmodde.de\/neu\/wp-content\/uploads\/2023\/06\/Tennis_EMagazin-300x168.png 300w\" sizes=\"auto, (max-width: 640px) 100vw, 640px\" \/><\/figure>\n\n\n\n<p><span style=\"background-color: #3366ff; color: #ffffff;\"><\/span><span style=\"text-decoration: underline;\"><strong>Trainingszeiten<\/strong><\/span><\/p>\n\n\n\n<p>Im Fr\u00fchjahr\/Sommer t\u00e4glich auf den 6 Pl\u00e4tzen der Tennisanlage am Brandhoveweg<\/p>\n\n\n\n<p><u>Kontakt:<\/u> <br>Werner Rode<br>Telefon: (0178) 2638991<br>E-Mail: <a href=\"mailto:tennis@tsv-angelmodde.de\" target=\"_blank\" rel=\"noopener noreferrer\">rode@muenster.de<\/a><\/p>\n\n\n\n<p>Impressionen vom Herrichten der Pl\u00e4tze&#8230;<br><img loading=\"lazy\" decoding=\"async\" class=\"alignnone  wp-image-524\" src=\"https:\/\/tsv-angelmodde.de\/neu\/wp-content\/uploads\/2019\/04\/Abl\u00e4ufe-300x169.jpg\" alt=\"\" width=\"415\" height=\"234\" srcset=\"https:\/\/tsv-angelmodde.de\/neu\/wp-content\/uploads\/2019\/04\/Abl\u00e4ufe-300x169.jpg 300w, https:\/\/tsv-angelmodde.de\/neu\/wp-content\/uploads\/2019\/04\/Abl\u00e4ufe-768x432.jpg 768w, https:\/\/tsv-angelmodde.de\/neu\/wp-content\/uploads\/2019\/04\/Abl\u00e4ufe.jpg 800w\" sizes=\"auto, (max-width: 415px) 100vw, 415px\" \/><br>Es sind die vielen kleinen Dinge, die erledigt werden m\u00fcssen.<br>Wie z.B. das Reinigen der Abl\u00e4ufe, um einen regul\u00e4ren Spielbetrieb<br>zu erm\u00f6glichen<br><img loading=\"lazy\" decoding=\"async\" class=\"alignnone  wp-image-525\" src=\"https:\/\/tsv-angelmodde.de\/neu\/wp-content\/uploads\/2019\/04\/Walze-300x169.jpg\" alt=\"\" width=\"414\" height=\"233\" srcset=\"https:\/\/tsv-angelmodde.de\/neu\/wp-content\/uploads\/2019\/04\/Walze-300x169.jpg 300w, https:\/\/tsv-angelmodde.de\/neu\/wp-content\/uploads\/2019\/04\/Walze-768x432.jpg 768w, https:\/\/tsv-angelmodde.de\/neu\/wp-content\/uploads\/2019\/04\/Walze.jpg 800w\" sizes=\"auto, (max-width: 414px) 100vw, 414px\" \/><br>An diesem Wochenende kommt nochmal die dicke Walze zum<br>Einsatz, so dass wir sp\u00e4testens am Osterwochenende er\u00f6ffnen<br>k\u00f6nnen<br><img loading=\"lazy\" decoding=\"async\" class=\"alignnone  wp-image-541\" src=\"https:\/\/tsv-angelmodde.de\/neu\/wp-content\/uploads\/2019\/04\/Tennis_2019-300x169.jpg\" alt=\"\" width=\"408\" height=\"230\" srcset=\"https:\/\/tsv-angelmodde.de\/neu\/wp-content\/uploads\/2019\/04\/Tennis_2019-300x169.jpg 300w, https:\/\/tsv-angelmodde.de\/neu\/wp-content\/uploads\/2019\/04\/Tennis_2019-768x432.jpg 768w, https:\/\/tsv-angelmodde.de\/neu\/wp-content\/uploads\/2019\/04\/Tennis_2019-1024x576.jpg 1024w, https:\/\/tsv-angelmodde.de\/neu\/wp-content\/uploads\/2019\/04\/Tennis_2019.jpg 1600w\" sizes=\"auto, (max-width: 408px) 100vw, 408px\" \/><\/p>\n\n\n\n<p><\/p>\n","protected":false},"excerpt":{"rendered":"<p>Das neue Westfalen Tennis gibt es jetzt als E-Magazin Trainingszeiten Im Fr\u00fchjahr\/Sommer t\u00e4glich auf den 6 Pl\u00e4tzen der Tennisanlage am Brandhoveweg Kontakt: Werner RodeTelefon: (0178) 2638991E-Mail: rode@muenster.de Impressionen vom Herrichten der Pl\u00e4tze&#8230;Es sind die vielen kleinen Dinge, die erledigt werden m\u00fcssen.Wie z.B. das Reinigen der Abl\u00e4ufe, um einen regul\u00e4ren Spielbetriebzu erm\u00f6glichenAn diesem Wochenende kommt nochmal die dicke Walze zumEinsatz, so [&#8230;]<\/p>\n","protected":false},"author":3,"featured_media":122,"parent":31,"menu_order":0,"comment_status":"closed","ping_status":"closed","template":"","meta":{"_cbd_carousel_blocks":"[]","footnotes":""},"class_list":["post-72","page","type-page","status-publish","has-post-thumbnail","hentry"],"_links":{"self":[{"href":"https:\/\/tsv-angelmodde.de\/neu\/wp-json\/wp\/v2\/pages\/72","targetHints":{"allow":["GET"]}}],"collection":[{"href":"https:\/\/tsv-angelmodde.de\/neu\/wp-json\/wp\/v2\/pages"}],"about":[{"href":"https:\/\/tsv-angelmodde.de\/neu\/wp-json\/wp\/v2\/types\/page"}],"author":[{"embeddable":true,"href":"https:\/\/tsv-angelmodde.de\/neu\/wp-json\/wp\/v2\/users\/3"}],"replies":[{"embeddable":true,"href":"https:\/\/tsv-angelmodde.de\/neu\/wp-json\/wp\/v2\/comments?post=72"}],"version-history":[{"count":20,"href":"https:\/\/tsv-angelmodde.de\/neu\/wp-json\/wp\/v2\/pages\/72\/revisions"}],"predecessor-version":[{"id":908,"href":"https:\/\/tsv-angelmodde.de\/neu\/wp-json\/wp\/v2\/pages\/72\/revisions\/908"}],"up":[{"embeddable":true,"href":"https:\/\/tsv-angelmodde.de\/neu\/wp-json\/wp\/v2\/pages\/31"}],"wp:featuredmedia":[{"embeddable":true,"href":"https:\/\/tsv-angelmodde.de\/neu\/wp-json\/wp\/v2\/media\/122"}],"wp:attachment":[{"href":"https:\/\/tsv-angelmodde.de\/neu\/wp-json\/wp\/v2\/media?parent=72"}],"curies":[{"name":"wp","href":"https:\/\/api.w.org\/{rel}","templated":true}]}}