{"id":59,"date":"2018-04-27T09:30:05","date_gmt":"2018-04-27T07:30:05","guid":{"rendered":"http:\/\/tsv-angelmodde.de\/neu\/?page_id=59"},"modified":"2019-01-03T12:57:13","modified_gmt":"2019-01-03T11:57:13","slug":"links","status":"publish","type":"page","link":"https:\/\/tsv-angelmodde.de\/neu\/links\/","title":{"rendered":"Links"},"content":{"rendered":"<table>\n<tbody>\n<tr>\n<td style=\"background-color: #f5f5f5;\"><strong>Verein | Organisation<\/strong><\/td>\n<td style=\"background-color: #f5f5f5;\"><strong>Link<\/strong><\/td>\n<\/tr>\n<tr>\n<td>Handball-Spiel-Gemeinschaft Gremmendorf-Angelmodde 78 <img loading=\"lazy\" decoding=\"async\" class=\"wp-image-136 alignnone\" src=\"https:\/\/tsv-angelmodde.de\/neu\/wp-content\/uploads\/2018\/05\/Handball_HSG_web_blau.jpg\" alt=\"\" width=\"21\" height=\"21\" srcset=\"https:\/\/tsv-angelmodde.de\/neu\/wp-content\/uploads\/2018\/05\/Handball_HSG_web_blau.jpg 300w, https:\/\/tsv-angelmodde.de\/neu\/wp-content\/uploads\/2018\/05\/Handball_HSG_web_blau-150x150.jpg 150w, https:\/\/tsv-angelmodde.de\/neu\/wp-content\/uploads\/2018\/05\/Handball_HSG_web_blau-144x144.jpg 144w, https:\/\/tsv-angelmodde.de\/neu\/wp-content\/uploads\/2018\/05\/Handball_HSG_web_blau-80x80.jpg 80w\" sizes=\"auto, (max-width: 21px) 100vw, 21px\" \/><\/td>\n<td><a href=\"http:\/\/www.hsg-gremmendorf-angelmodde.de\/\" target=\"_blank\" rel=\"noopener\">HSG<\/a><\/td>\n<\/tr>\n<tr>\n<td>Stadtsportbund M\u00fcnster <img loading=\"lazy\" decoding=\"async\" class=\"alignnone  wp-image-480\" src=\"https:\/\/tsv-angelmodde.de\/neu\/wp-content\/uploads\/2019\/01\/logossbklein.gif\" alt=\"\" width=\"43\" height=\"21\" \/><\/td>\n<td><a href=\"http:\/\/www.stadtsportbund-ms.de\" target=\"_blank\" rel=\"noopener\">SSB<\/a><\/td>\n<\/tr>\n<tr>\n<td>Stadt M\u00fcnster <img loading=\"lazy\" decoding=\"async\" class=\"alignnone  wp-image-482\" src=\"https:\/\/tsv-angelmodde.de\/neu\/wp-content\/uploads\/2019\/01\/stadtlogo-muenster-300x65.png\" alt=\"\" width=\"55\" height=\"12\" srcset=\"https:\/\/tsv-angelmodde.de\/neu\/wp-content\/uploads\/2019\/01\/stadtlogo-muenster-300x65.png 300w, https:\/\/tsv-angelmodde.de\/neu\/wp-content\/uploads\/2019\/01\/stadtlogo-muenster-768x167.png 768w, https:\/\/tsv-angelmodde.de\/neu\/wp-content\/uploads\/2019\/01\/stadtlogo-muenster.png 782w\" sizes=\"auto, (max-width: 55px) 100vw, 55px\" \/><\/td>\n<td><a href=\"https:\/\/www.stadt-muenster.de\/sportamt\/startseite.html\" target=\"_blank\" rel=\"noopener\">SPORTAMT<\/a><\/td>\n<\/tr>\n<tr>\n<td>Landessportbund NRW <img loading=\"lazy\" decoding=\"async\" class=\"alignnone  wp-image-483\" src=\"https:\/\/tsv-angelmodde.de\/neu\/wp-content\/uploads\/2019\/01\/logo-300x117.png\" alt=\"\" width=\"49\" height=\"19\" srcset=\"https:\/\/tsv-angelmodde.de\/neu\/wp-content\/uploads\/2019\/01\/logo-300x117.png 300w, https:\/\/tsv-angelmodde.de\/neu\/wp-content\/uploads\/2019\/01\/logo.png 368w\" sizes=\"auto, (max-width: 49px) 100vw, 49px\" \/><\/td>\n<td><a href=\"https:\/\/www.lsb.nrw\/\" target=\"_blank\" rel=\"noopener\">LSB NRW<\/a><\/td>\n<\/tr>\n<tr>\n<td>Westf\u00e4lischer Tennis-Verband <img loading=\"lazy\" decoding=\"async\" class=\"alignnone  wp-image-484\" src=\"https:\/\/tsv-angelmodde.de\/neu\/wp-content\/uploads\/2019\/01\/WTV_Logo-2018-300x300.jpg\" alt=\"\" width=\"19\" height=\"19\" srcset=\"https:\/\/tsv-angelmodde.de\/neu\/wp-content\/uploads\/2019\/01\/WTV_Logo-2018-300x300.jpg 300w, https:\/\/tsv-angelmodde.de\/neu\/wp-content\/uploads\/2019\/01\/WTV_Logo-2018-150x150.jpg 150w, https:\/\/tsv-angelmodde.de\/neu\/wp-content\/uploads\/2019\/01\/WTV_Logo-2018-768x768.jpg 768w, https:\/\/tsv-angelmodde.de\/neu\/wp-content\/uploads\/2019\/01\/WTV_Logo-2018-1024x1024.jpg 1024w, https:\/\/tsv-angelmodde.de\/neu\/wp-content\/uploads\/2019\/01\/WTV_Logo-2018-144x144.jpg 144w, https:\/\/tsv-angelmodde.de\/neu\/wp-content\/uploads\/2019\/01\/WTV_Logo-2018-80x80.jpg 80w, https:\/\/tsv-angelmodde.de\/neu\/wp-content\/uploads\/2019\/01\/WTV_Logo-2018.jpg 1200w\" sizes=\"auto, (max-width: 19px) 100vw, 19px\" \/><\/td>\n<td><a href=\"https:\/\/www.wtv.de\/\" target=\"_blank\" rel=\"noopener\">WTV<\/a><\/td>\n<\/tr>\n<tr>\n<td>Westdeutscher Tischtennis-Verband <img loading=\"lazy\" decoding=\"async\" class=\"alignnone  wp-image-485\" src=\"https:\/\/tsv-angelmodde.de\/neu\/wp-content\/uploads\/2019\/01\/WTTV_logo-300x223.jpg\" alt=\"\" width=\"27\" height=\"20\" srcset=\"https:\/\/tsv-angelmodde.de\/neu\/wp-content\/uploads\/2019\/01\/WTTV_logo-300x223.jpg 300w, https:\/\/tsv-angelmodde.de\/neu\/wp-content\/uploads\/2019\/01\/WTTV_logo.jpg 653w\" sizes=\"auto, (max-width: 27px) 100vw, 27px\" \/><\/td>\n<td><a href=\"https:\/\/mr.wttv.de\/index.php\/startseite-152\" target=\"_blank\" rel=\"noopener\">WTTV<\/a><\/td>\n<\/tr>\n<tr>\n<td>Westf\u00e4lischer Turnerbund <img loading=\"lazy\" decoding=\"async\" class=\"alignnone  wp-image-486\" src=\"https:\/\/tsv-angelmodde.de\/neu\/wp-content\/uploads\/2019\/01\/wtb_logo-300x108.png\" alt=\"\" width=\"42\" height=\"15\" srcset=\"https:\/\/tsv-angelmodde.de\/neu\/wp-content\/uploads\/2019\/01\/wtb_logo-300x108.png 300w, https:\/\/tsv-angelmodde.de\/neu\/wp-content\/uploads\/2019\/01\/wtb_logo.png 318w\" sizes=\"auto, (max-width: 42px) 100vw, 42px\" \/><\/td>\n<td><a href=\"https:\/\/www.wtb.de\/\" target=\"_blank\" rel=\"noopener\">WTB<\/a><\/td>\n<\/tr>\n<tr>\n<td>Schwimmverband NRW <img loading=\"lazy\" decoding=\"async\" class=\"alignnone  wp-image-487\" src=\"https:\/\/tsv-angelmodde.de\/neu\/wp-content\/uploads\/2019\/01\/csm_swimpool_logo_bg-weiss_26_97dced3577-300x248.png\" alt=\"\" width=\"23\" height=\"19\" srcset=\"https:\/\/tsv-angelmodde.de\/neu\/wp-content\/uploads\/2019\/01\/csm_swimpool_logo_bg-weiss_26_97dced3577-300x248.png 300w, https:\/\/tsv-angelmodde.de\/neu\/wp-content\/uploads\/2019\/01\/csm_swimpool_logo_bg-weiss_26_97dced3577.png 726w\" sizes=\"auto, (max-width: 23px) 100vw, 23px\" \/><\/td>\n<td><a href=\"https:\/\/www.swimpool.de\/\" target=\"_blank\" rel=\"noopener\">SWIMPOOL<\/a><\/td>\n<\/tr>\n<tr>\n<td>Badminton-Landesverband NRW <img loading=\"lazy\" decoding=\"async\" class=\"alignnone  wp-image-490\" src=\"https:\/\/tsv-angelmodde.de\/neu\/wp-content\/uploads\/2019\/01\/BLV-Logo-400x250_2a32b7579e-300x188.gif\" alt=\"\" width=\"28\" height=\"17\" \/><\/td>\n<td><a href=\"https:\/\/www.badminton-nrw.de\/\" target=\"_blank\" rel=\"noopener\">BLV<\/a><\/td>\n<\/tr>\n<tr>\n<td>Westdeutscher Handball-Verband <img loading=\"lazy\" decoding=\"async\" class=\"alignnone  wp-image-492\" src=\"https:\/\/tsv-angelmodde.de\/neu\/wp-content\/uploads\/2019\/01\/index-300x156.jpg\" alt=\"\" width=\"31\" height=\"16\" srcset=\"https:\/\/tsv-angelmodde.de\/neu\/wp-content\/uploads\/2019\/01\/index-300x156.jpg 300w, https:\/\/tsv-angelmodde.de\/neu\/wp-content\/uploads\/2019\/01\/index.jpg 311w\" sizes=\"auto, (max-width: 31px) 100vw, 31px\" \/><\/td>\n<td><a href=\"https:\/\/www.westdeutscher-handball-verband.de\/\" target=\"_blank\" rel=\"noopener\">WHV<\/a><\/td>\n<\/tr>\n<tr>\n<td>Westdeutscher Volleyball-Verband <img loading=\"lazy\" decoding=\"async\" class=\"alignnone  wp-image-493\" src=\"https:\/\/tsv-angelmodde.de\/neu\/wp-content\/uploads\/2019\/01\/wvv-logo.jpg\" alt=\"\" width=\"20\" height=\"20\" srcset=\"https:\/\/tsv-angelmodde.de\/neu\/wp-content\/uploads\/2019\/01\/wvv-logo.jpg 112w, https:\/\/tsv-angelmodde.de\/neu\/wp-content\/uploads\/2019\/01\/wvv-logo-80x80.jpg 80w\" sizes=\"auto, (max-width: 20px) 100vw, 20px\" \/><\/td>\n<td><a href=\"https:\/\/www.volleyball.nrw\/\" target=\"_blank\" rel=\"noopener\">WVV<\/a><\/td>\n<\/tr>\n<\/tbody>\n<\/table>\n","protected":false},"excerpt":{"rendered":"<p>Verein | Organisation Link Handball-Spiel-Gemeinschaft Gremmendorf-Angelmodde 78 HSG Stadtsportbund M\u00fcnster SSB Stadt M\u00fcnster SPORTAMT Landessportbund NRW LSB NRW Westf\u00e4lischer Tennis-Verband WTV Westdeutscher Tischtennis-Verband WTTV Westf\u00e4lischer Turnerbund WTB Schwimmverband NRW SWIMPOOL Badminton-Landesverband NRW BLV Westdeutscher Handball-Verband WHV Westdeutscher Volleyball-Verband WVV<\/p>\n","protected":false},"author":3,"featured_media":0,"parent":0,"menu_order":40,"comment_status":"closed","ping_status":"closed","template":"","meta":{"_cbd_carousel_blocks":"[]","footnotes":""},"class_list":["post-59","page","type-page","status-publish","hentry"],"_links":{"self":[{"href":"https:\/\/tsv-angelmodde.de\/neu\/wp-json\/wp\/v2\/pages\/59","targetHints":{"allow":["GET"]}}],"collection":[{"href":"https:\/\/tsv-angelmodde.de\/neu\/wp-json\/wp\/v2\/pages"}],"about":[{"href":"https:\/\/tsv-angelmodde.de\/neu\/wp-json\/wp\/v2\/types\/page"}],"author":[{"embeddable":true,"href":"https:\/\/tsv-angelmodde.de\/neu\/wp-json\/wp\/v2\/users\/3"}],"replies":[{"embeddable":true,"href":"https:\/\/tsv-angelmodde.de\/neu\/wp-json\/wp\/v2\/comments?post=59"}],"version-history":[{"count":32,"href":"https:\/\/tsv-angelmodde.de\/neu\/wp-json\/wp\/v2\/pages\/59\/revisions"}],"predecessor-version":[{"id":494,"href":"https:\/\/tsv-angelmodde.de\/neu\/wp-json\/wp\/v2\/pages\/59\/revisions\/494"}],"wp:attachment":[{"href":"https:\/\/tsv-angelmodde.de\/neu\/wp-json\/wp\/v2\/media?parent=59"}],"curies":[{"name":"wp","href":"https:\/\/api.w.org\/{rel}","templated":true}]}}