{"id":102,"date":"2018-04-30T11:10:07","date_gmt":"2018-04-30T09:10:07","guid":{"rendered":"http:\/\/tsv-angelmodde.de\/neu\/?page_id=102"},"modified":"2018-06-15T13:04:31","modified_gmt":"2018-06-15T11:04:31","slug":"sportstaetten","status":"publish","type":"page","link":"https:\/\/tsv-angelmodde.de\/neu\/veranstaltungen-2\/sportstaetten\/","title":{"rendered":"Sportst\u00e4tten"},"content":{"rendered":"<table style=\"height: 92px;\" width=\"665\">\n<tbody>\n<tr>\n<td style=\"background-color: #f5f5f5;\">Vereinseigene Tennisanlage (6 Pl\u00e4tze)<\/td>\n<td style=\"background-color: #f5f5f5;\">Brandhoveweg 97<\/td>\n<td style=\"background-color: #f5f5f5; text-align: center;\" colspan=\"2\">48167 M\u00fcnster<\/td>\n<\/tr>\n<tr>\n<td>Turnhalle Eichendorffschule<\/td>\n<td>Eichendorffstra\u00dfe 36<\/td>\n<td style=\"text-align: center;\" colspan=\"2\">48167 M\u00fcnster<\/td>\n<\/tr>\n<tr>\n<td style=\"background-color: #f5f5f5;\">Turnhalle Annetteschule<\/td>\n<td style=\"background-color: #f5f5f5;\">H\u00f6ftestra\u00dfe 4<\/td>\n<td style=\"background-color: #f5f5f5; text-align: center;\" colspan=\"2\">48167 M\u00fcnster<\/td>\n<\/tr>\n<tr>\n<td style=\"background-color: #ffffff;\">Hallenbad Wolbeck<\/td>\n<td style=\"background-color: #ffffff;\">Brandhoveweg 101<\/td>\n<td style=\"background-color: #ffffff; text-align: center;\" colspan=\"2\">48167 M\u00fcnster<\/td>\n<\/tr>\n<\/tbody>\n<\/table>\n","protected":false},"excerpt":{"rendered":"<p>Vereinseigene Tennisanlage (6 Pl\u00e4tze) Brandhoveweg 97 48167 M\u00fcnster Turnhalle Eichendorffschule Eichendorffstra\u00dfe 36 48167 M\u00fcnster Turnhalle Annetteschule H\u00f6ftestra\u00dfe 4 48167 M\u00fcnster Hallenbad Wolbeck Brandhoveweg 101 48167 M\u00fcnster<\/p>\n","protected":false},"author":3,"featured_media":0,"parent":16,"menu_order":10,"comment_status":"closed","ping_status":"closed","template":"","meta":{"_cbd_carousel_blocks":"[]","footnotes":""},"class_list":["post-102","page","type-page","status-publish","hentry"],"_links":{"self":[{"href":"https:\/\/tsv-angelmodde.de\/neu\/wp-json\/wp\/v2\/pages\/102","targetHints":{"allow":["GET"]}}],"collection":[{"href":"https:\/\/tsv-angelmodde.de\/neu\/wp-json\/wp\/v2\/pages"}],"about":[{"href":"https:\/\/tsv-angelmodde.de\/neu\/wp-json\/wp\/v2\/types\/page"}],"author":[{"embeddable":true,"href":"https:\/\/tsv-angelmodde.de\/neu\/wp-json\/wp\/v2\/users\/3"}],"replies":[{"embeddable":true,"href":"https:\/\/tsv-angelmodde.de\/neu\/wp-json\/wp\/v2\/comments?post=102"}],"version-history":[{"count":10,"href":"https:\/\/tsv-angelmodde.de\/neu\/wp-json\/wp\/v2\/pages\/102\/revisions"}],"predecessor-version":[{"id":390,"href":"https:\/\/tsv-angelmodde.de\/neu\/wp-json\/wp\/v2\/pages\/102\/revisions\/390"}],"up":[{"embeddable":true,"href":"https:\/\/tsv-angelmodde.de\/neu\/wp-json\/wp\/v2\/pages\/16"}],"wp:attachment":[{"href":"https:\/\/tsv-angelmodde.de\/neu\/wp-json\/wp\/v2\/media?parent=102"}],"curies":[{"name":"wp","href":"https:\/\/api.w.org\/{rel}","templated":true}]}}